{"id":6915,"date":"2023-08-25T11:48:36","date_gmt":"2023-08-25T09:48:36","guid":{"rendered":"https:\/\/gilcom.sus.digital\/?page_id=6915"},"modified":"2023-08-25T11:49:14","modified_gmt":"2023-08-25T09:49:14","slug":"initial-consultation-45-minutes","status":"publish","type":"page","link":"https:\/\/www.gilcom.vision\/en\/online-coaching\/initial-consultation-45-minutes\/","title":{"rendered":"Initial consultation (45 minutes)"},"content":{"rendered":"\t\t<div data-elementor-type=\"wp-page\" data-elementor-id=\"6915\" class=\"elementor elementor-6915 elementor-6879\" data-elementor-post-type=\"page\">\n\t\t\t\t\t\t\t<div class=\"elementor-element elementor-element-857abd8 e-flex e-con-boxed e-con e-parent\" data-id=\"857abd8\" data-element_type=\"container\" data-settings=\"{&quot;container_type&quot;:&quot;flex&quot;,&quot;content_width&quot;:&quot;boxed&quot;}\" data-core-v316-plus=\"true\">\n\t\t\t\t\t<div class=\"e-con-inner\">\n\t\t\t\t<div class=\"elementor-element elementor-element-9754c77 elementor-widget elementor-widget-html\" data-id=\"9754c77\" data-element_type=\"widget\" data-widget_type=\"html.default\">\n\t\t\t\t<div class=\"elementor-widget-container\">\n\t\t\t<iframe src='https:\/\/claudiagilhofer.termin-direkt.de\/public\/book?CalendarId=1&ServiceId=5&Culture=en&Formal=true&Mode=iframe&SchemaName=claudiagilhofer&ShowStepper=true&HideCompanyInfo=true' style='width:100%; height: 100vh; border: none; margin: 0; padding: 0;'><\/iframe>\t\t<\/div>\n\t\t\t\t<\/div>\n\t\t\t\t\t<\/div>\n\t\t\t\t<\/div>\n\t\t<div class=\"elementor-element elementor-element-b088704 e-flex e-con-boxed e-con e-parent\" data-id=\"b088704\" data-element_type=\"container\" data-settings=\"{&quot;container_type&quot;:&quot;flex&quot;,&quot;content_width&quot;:&quot;boxed&quot;}\" data-core-v316-plus=\"true\">\n\t\t\t\t\t<div class=\"e-con-inner\">\n\t\t\t\t<div class=\"elementor-element elementor-element-596cbce elementor-widget elementor-widget-text-editor\" data-id=\"596cbce\" data-element_type=\"widget\" data-widget_type=\"text-editor.default\">\n\t\t\t\t<div class=\"elementor-widget-container\">\n\t\t\t\t\t\t\t<p><strong>Online Coaching | Agreement:<\/strong><\/p><p><strong>\u00a0<\/strong><\/p><p><strong>Procedure:\u00a0<\/strong><\/p><p>We will meet promptly at the agreed-upon time on the Zoom platform. The use of Zoom is completely free for you. You do not need a Zoom account; you can simply join by clicking on the link provided by me or entering the sent meeting ID and passcode directly in Zoom.<\/p><p>If you require further information about Zoom or prefer the Teams platform, please write to me in advance (at least 48 hours before the appointment) at: <a href=\"mailto:claudia@gilcom.vision\">claudia@gilcom.vision<\/a> and I will provide you with the requested information or a new link.<\/p><p>\u00a0<\/p><p><strong>Conditions:\u00a0<\/strong><\/p><p>You are in a quiet, undisturbed room and close all sources of disturbance (email program, browser, phone, etc.). During the conversation, no one else should be in the room except for you. No recordings will be made (screenshots, video or audio recordings) If recordings are made with your agreement, they must not be shared with third parties.<\/p><p>All information and conversation content will be treated confidentially.<\/p><p>\u00a0<\/p><p><strong>Appointment cancellation or rescheduling:\u00a0<\/strong><\/p><p>You can reschedule appointments through the booking calendar up to 48 hours before the agreed-upon time.<br \/>For short-notice cancellations or rescheduling within 48 hours, a cancellation fee of 50% will apply. For cancellations less than 1 hour before the scheduled start time or for no-shows within the first 15 minutes, a cancellation fee of 100% will apply.<\/p><p>Partial refunds for packages are not available.\u00a0<\/p>\t\t\t\t\t\t<\/div>\n\t\t\t\t<\/div>\n\t\t\t\t\t<\/div>\n\t\t\t\t<\/div>\n\t\t\t\t\t\t\t<\/div>\n\t\t","protected":false},"excerpt":{"rendered":"<p>Online Coaching | Agreement: \u00a0 Procedure:\u00a0 We will meet promptly at the agreed-upon time on the Zoom platform. The use of Zoom is completely free for you. You do not need a Zoom account; you can simply join by clicking on the link provided by me or entering the sent meeting ID and passcode directly [&hellip;]<\/p>\n","protected":false},"author":2,"featured_media":0,"parent":6604,"menu_order":0,"comment_status":"closed","ping_status":"closed","template":"","meta":{"om_disable_all_campaigns":false,"inline_featured_image":false,"_uf_show_specific_survey":0,"_uf_disable_surveys":false,"footnotes":""},"class_list":["post-6915","page","type-page","status-publish","hentry"],"acf":[],"yoast_head":"<!-- This site is optimized with the Yoast SEO Premium plugin v25.1 (Yoast SEO v27.4) - https:\/\/yoast.com\/product\/yoast-seo-premium-wordpress\/ -->\n<title>Initial consultation (45 minutes) - gilcom.vision<\/title>\n<meta name=\"description\" content=\"Zur F\u00f6rderung wertsch\u00e4tzender Kommunikation, des pers\u00f6nlichen Wachstums, der Markenauthentizit\u00e4t und einer motivierenden Unternehmenskultur.\" \/>\n<meta name=\"robots\" content=\"index, follow, max-snippet:-1, max-image-preview:large, max-video-preview:-1\" \/>\n<link rel=\"canonical\" href=\"https:\/\/www.gilcom.vision\/en\/online-coaching\/initial-consultation-45-minutes\/\" \/>\n<meta property=\"og:locale\" content=\"en_US\" \/>\n<meta property=\"og:type\" content=\"article\" \/>\n<meta property=\"og:title\" content=\"Claudia Gilhofer | gilcom | Kommunikation. Mensch. Marke.\" \/>\n<meta property=\"og:description\" content=\"gil com steht f\u00fcr Kommunikationsgestaltung mit Haltung \u2013 als verbindende Kraft zwischen Mensch und Maschine, Marke und Miteinander. Mit systemischem Blick auf Strategie, Ausdruck und Resonanz. So wachsen Markenidentit\u00e4t und Unternehmenskultur \u2013 aus der Substanz heraus und in die Zukunft hinein.\" \/>\n<meta property=\"og:url\" content=\"https:\/\/www.gilcom.vision\/en\/online-coaching\/initial-consultation-45-minutes\/\" \/>\n<meta property=\"og:site_name\" content=\"gilcom.vision\" \/>\n<meta property=\"article:modified_time\" content=\"2023-08-25T09:49:14+00:00\" \/>\n<meta property=\"og:image\" content=\"https:\/\/www.gilcom.vision\/wp-content\/uploads\/claudia-gilhofer-gilcom-strategin-kommunikationsgestalterin-marke-organisation.jpg\" \/>\n\t<meta property=\"og:image:width\" content=\"2500\" \/>\n\t<meta property=\"og:image:height\" content=\"1406\" \/>\n\t<meta property=\"og:image:type\" content=\"image\/jpeg\" \/>\n<meta name=\"twitter:card\" content=\"summary_large_image\" \/>\n<meta name=\"twitter:label1\" content=\"Est. reading time\" \/>\n\t<meta name=\"twitter:data1\" content=\"2 minutes\" \/>\n<script type=\"application\/ld+json\" class=\"yoast-schema-graph\">{\"@context\":\"https:\\\/\\\/schema.org\",\"@graph\":[{\"@type\":\"WebPage\",\"@id\":\"https:\\\/\\\/www.gilcom.vision\\\/en\\\/online-coaching\\\/initial-consultation-45-minutes\\\/\",\"url\":\"https:\\\/\\\/www.gilcom.vision\\\/en\\\/online-coaching\\\/initial-consultation-45-minutes\\\/\",\"name\":\"Initial consultation (45 minutes) - gilcom.vision\",\"isPartOf\":{\"@id\":\"https:\\\/\\\/www.gilcom.vision\\\/en\\\/#website\"},\"datePublished\":\"2023-08-25T09:48:36+00:00\",\"dateModified\":\"2023-08-25T09:49:14+00:00\",\"description\":\"Zur F\u00f6rderung wertsch\u00e4tzender Kommunikation, des pers\u00f6nlichen Wachstums, der Markenauthentizit\u00e4t und einer motivierenden Unternehmenskultur.\",\"breadcrumb\":{\"@id\":\"https:\\\/\\\/www.gilcom.vision\\\/en\\\/online-coaching\\\/initial-consultation-45-minutes\\\/#breadcrumb\"},\"inLanguage\":\"en-US\",\"potentialAction\":[{\"@type\":\"ReadAction\",\"target\":[\"https:\\\/\\\/www.gilcom.vision\\\/en\\\/online-coaching\\\/initial-consultation-45-minutes\\\/\"]}]},{\"@type\":\"BreadcrumbList\",\"@id\":\"https:\\\/\\\/www.gilcom.vision\\\/en\\\/online-coaching\\\/initial-consultation-45-minutes\\\/#breadcrumb\",\"itemListElement\":[{\"@type\":\"ListItem\",\"position\":1,\"name\":\"Startseite\",\"item\":\"https:\\\/\\\/www.gilcom.vision\\\/en\\\/\"},{\"@type\":\"ListItem\",\"position\":2,\"name\":\"Online Coaching\",\"item\":\"https:\\\/\\\/www.gilcom.vision\\\/en\\\/?page_id=6015\"},{\"@type\":\"ListItem\",\"position\":3,\"name\":\"Initial consultation (45 minutes)\"}]},{\"@type\":\"WebSite\",\"@id\":\"https:\\\/\\\/www.gilcom.vision\\\/en\\\/#website\",\"url\":\"https:\\\/\\\/www.gilcom.vision\\\/en\\\/\",\"name\":\"gilcom.vision\",\"description\":\"\",\"publisher\":{\"@id\":\"https:\\\/\\\/www.gilcom.vision\\\/en\\\/#\\\/schema\\\/person\\\/05046f223d480b235100c954c92da6f0\"},\"potentialAction\":[{\"@type\":\"SearchAction\",\"target\":{\"@type\":\"EntryPoint\",\"urlTemplate\":\"https:\\\/\\\/www.gilcom.vision\\\/en\\\/?s={search_term_string}\"},\"query-input\":{\"@type\":\"PropertyValueSpecification\",\"valueRequired\":true,\"valueName\":\"search_term_string\"}}],\"inLanguage\":\"en-US\"},{\"@type\":[\"Person\",\"Organization\"],\"@id\":\"https:\\\/\\\/www.gilcom.vision\\\/en\\\/#\\\/schema\\\/person\\\/05046f223d480b235100c954c92da6f0\",\"name\":\"Claudia Gilhofer\",\"image\":{\"@type\":\"ImageObject\",\"inLanguage\":\"en-US\",\"@id\":\"https:\\\/\\\/www.gilcom.vision\\\/wp-content\\\/uploads\\\/2021\\\/03\\\/gilcom-logo.svg\",\"url\":\"https:\\\/\\\/www.gilcom.vision\\\/wp-content\\\/uploads\\\/2021\\\/03\\\/gilcom-logo.svg\",\"contentUrl\":\"https:\\\/\\\/www.gilcom.vision\\\/wp-content\\\/uploads\\\/2021\\\/03\\\/gilcom-logo.svg\",\"width\":233,\"height\":103,\"caption\":\"Claudia Gilhofer\"},\"logo\":{\"@id\":\"https:\\\/\\\/www.gilcom.vision\\\/wp-content\\\/uploads\\\/2021\\\/03\\\/gilcom-logo.svg\"}}]}<\/script>\n<!-- \/ Yoast SEO Premium plugin. -->","yoast_head_json":{"title":"Initial consultation (45 minutes) - gilcom.vision","description":"Zur F\u00f6rderung wertsch\u00e4tzender Kommunikation, des pers\u00f6nlichen Wachstums, der Markenauthentizit\u00e4t und einer motivierenden Unternehmenskultur.","robots":{"index":"index","follow":"follow","max-snippet":"max-snippet:-1","max-image-preview":"max-image-preview:large","max-video-preview":"max-video-preview:-1"},"canonical":"https:\/\/www.gilcom.vision\/en\/online-coaching\/initial-consultation-45-minutes\/","og_locale":"en_US","og_type":"article","og_title":"Claudia Gilhofer | gilcom | Kommunikation. Mensch. Marke.","og_description":"gil com steht f\u00fcr Kommunikationsgestaltung mit Haltung \u2013 als verbindende Kraft zwischen Mensch und Maschine, Marke und Miteinander. Mit systemischem Blick auf Strategie, Ausdruck und Resonanz. So wachsen Markenidentit\u00e4t und Unternehmenskultur \u2013 aus der Substanz heraus und in die Zukunft hinein.","og_url":"https:\/\/www.gilcom.vision\/en\/online-coaching\/initial-consultation-45-minutes\/","og_site_name":"gilcom.vision","article_modified_time":"2023-08-25T09:49:14+00:00","og_image":[{"width":2500,"height":1406,"url":"https:\/\/www.gilcom.vision\/wp-content\/uploads\/claudia-gilhofer-gilcom-strategin-kommunikationsgestalterin-marke-organisation.jpg","type":"image\/jpeg"}],"twitter_card":"summary_large_image","twitter_misc":{"Est. reading time":"2 minutes"},"schema":{"@context":"https:\/\/schema.org","@graph":[{"@type":"WebPage","@id":"https:\/\/www.gilcom.vision\/en\/online-coaching\/initial-consultation-45-minutes\/","url":"https:\/\/www.gilcom.vision\/en\/online-coaching\/initial-consultation-45-minutes\/","name":"Initial consultation (45 minutes) - gilcom.vision","isPartOf":{"@id":"https:\/\/www.gilcom.vision\/en\/#website"},"datePublished":"2023-08-25T09:48:36+00:00","dateModified":"2023-08-25T09:49:14+00:00","description":"Zur F\u00f6rderung wertsch\u00e4tzender Kommunikation, des pers\u00f6nlichen Wachstums, der Markenauthentizit\u00e4t und einer motivierenden Unternehmenskultur.","breadcrumb":{"@id":"https:\/\/www.gilcom.vision\/en\/online-coaching\/initial-consultation-45-minutes\/#breadcrumb"},"inLanguage":"en-US","potentialAction":[{"@type":"ReadAction","target":["https:\/\/www.gilcom.vision\/en\/online-coaching\/initial-consultation-45-minutes\/"]}]},{"@type":"BreadcrumbList","@id":"https:\/\/www.gilcom.vision\/en\/online-coaching\/initial-consultation-45-minutes\/#breadcrumb","itemListElement":[{"@type":"ListItem","position":1,"name":"Startseite","item":"https:\/\/www.gilcom.vision\/en\/"},{"@type":"ListItem","position":2,"name":"Online Coaching","item":"https:\/\/www.gilcom.vision\/en\/?page_id=6015"},{"@type":"ListItem","position":3,"name":"Initial consultation (45 minutes)"}]},{"@type":"WebSite","@id":"https:\/\/www.gilcom.vision\/en\/#website","url":"https:\/\/www.gilcom.vision\/en\/","name":"gilcom.vision","description":"","publisher":{"@id":"https:\/\/www.gilcom.vision\/en\/#\/schema\/person\/05046f223d480b235100c954c92da6f0"},"potentialAction":[{"@type":"SearchAction","target":{"@type":"EntryPoint","urlTemplate":"https:\/\/www.gilcom.vision\/en\/?s={search_term_string}"},"query-input":{"@type":"PropertyValueSpecification","valueRequired":true,"valueName":"search_term_string"}}],"inLanguage":"en-US"},{"@type":["Person","Organization"],"@id":"https:\/\/www.gilcom.vision\/en\/#\/schema\/person\/05046f223d480b235100c954c92da6f0","name":"Claudia Gilhofer","image":{"@type":"ImageObject","inLanguage":"en-US","@id":"https:\/\/www.gilcom.vision\/wp-content\/uploads\/2021\/03\/gilcom-logo.svg","url":"https:\/\/www.gilcom.vision\/wp-content\/uploads\/2021\/03\/gilcom-logo.svg","contentUrl":"https:\/\/www.gilcom.vision\/wp-content\/uploads\/2021\/03\/gilcom-logo.svg","width":233,"height":103,"caption":"Claudia Gilhofer"},"logo":{"@id":"https:\/\/www.gilcom.vision\/wp-content\/uploads\/2021\/03\/gilcom-logo.svg"}}]}},"_links":{"self":[{"href":"https:\/\/www.gilcom.vision\/en\/wp-json\/wp\/v2\/pages\/6915","targetHints":{"allow":["GET"]}}],"collection":[{"href":"https:\/\/www.gilcom.vision\/en\/wp-json\/wp\/v2\/pages"}],"about":[{"href":"https:\/\/www.gilcom.vision\/en\/wp-json\/wp\/v2\/types\/page"}],"author":[{"embeddable":true,"href":"https:\/\/www.gilcom.vision\/en\/wp-json\/wp\/v2\/users\/2"}],"replies":[{"embeddable":true,"href":"https:\/\/www.gilcom.vision\/en\/wp-json\/wp\/v2\/comments?post=6915"}],"version-history":[{"count":7,"href":"https:\/\/www.gilcom.vision\/en\/wp-json\/wp\/v2\/pages\/6915\/revisions"}],"predecessor-version":[{"id":6922,"href":"https:\/\/www.gilcom.vision\/en\/wp-json\/wp\/v2\/pages\/6915\/revisions\/6922"}],"up":[{"embeddable":true,"href":"https:\/\/www.gilcom.vision\/en\/wp-json\/wp\/v2\/pages\/6604"}],"wp:attachment":[{"href":"https:\/\/www.gilcom.vision\/en\/wp-json\/wp\/v2\/media?parent=6915"}],"curies":[{"name":"wp","href":"https:\/\/api.w.org\/{rel}","templated":true}]}}